{"id":15264,"date":"2025-03-07T08:57:47","date_gmt":"2025-03-07T13:57:47","guid":{"rendered":"https:\/\/procamdistribution.ca\/pergola-monaco\/"},"modified":"2026-04-10T14:09:50","modified_gmt":"2026-04-10T18:09:50","slug":"pergola-monaco","status":"publish","type":"page","link":"https:\/\/procamdistribution.ca\/en\/pergola-monaco\/","title":{"rendered":"Pergola Monaco"},"content":{"rendered":"<div class=\"wpb-content-wrapper\"><p>[vc_row equal_height=&#8221;yes&#8221; type=&#8221;in_grid&#8221; css=&#8221;.vc_custom_1740579951100{background-image: url(https:\/\/procamdistribution.ca\/wp-content\/uploads\/2025\/02\/procam-large-eventail-produits-img.png?id=14624) !important;}&#8221; el_class=&#8221;pergola-solution-durable-row large-eventail-produits-title-row&#8221;][vc_column width=&#8221;1\/2&#8243; el_class=&#8221;padding-100&#8243;][vc_column_text css=&#8221;&#8221;]<\/p>\n<h2>Custom Pergola<\/h2>\n<p>[\/vc_column_text][vc_column_text css=&#8221;&#8221;]Modern and stylish, Monaco Pergolas can be custom-installed to perfectly fit any commercial or residential outdoor space.[\/vc_column_text]<a href=\"\/en\/portfolio\/\" target=\"_self\" class=\"dist-btn\">See our inspirations<\/a>[\/vc_column][vc_column width=&#8221;1\/2&#8243;][\/vc_column][\/vc_row][vc_row type=&#8221;in_grid&#8221; min_height=&#8221;450&#8243; css=&#8221;.vc_custom_1775844004912{background-color: #EBEBEB !important;}&#8221;][vc_column width=&#8221;1\/2&#8243;][vc_single_image image=&#8221;17823&#8243; img_size=&#8221;full&#8221; alignment=&#8221;center&#8221; onclick=&#8221;custom_link&#8221; img_link_target=&#8221;_blank&#8221; css=&#8221;&#8221; link=&#8221;https:\/\/showroom.aluminium-pergola.ca\/en\/s\/procam-distribution\/showroom\/browse&#8221;][\/vc_column][vc_column width=&#8221;1\/2&#8243; css=&#8221;.vc_custom_1775844273171{padding-top: 70px !important;padding-bottom: 70px !important;}&#8221;][vc_column_text css=&#8221;&#8221;]<\/p>\n<h2>NEW!<\/h2>\n<p>Explore our pergolas in immersive virtual reality.[\/vc_column_text]<a href=\"https:\/\/showroom.aluminium-pergola.ca\/en\/s\/procam-distribution\/showroom\/browse\" target=\"_blank\" class=\"dist-btn\">Try Our VR Pergola Experience<\/a>[\/vc_column][\/vc_row][vc_row equal_height=&#8221;yes&#8221; type=&#8221;full_width&#8221; el_class=&#8221;nos-pergolas-row&#8221;][vc_column width=&#8221;1\/2&#8243; el_class=&#8221;padding-100&#8243;][vc_column_text css=&#8221;&#8221;]<\/p>\n<h2>Renowned for Elegance, Strength, and Urban Design<\/h2>\n<p>[\/vc_column_text][vc_column_text css=&#8221;&#8221; el_class=&#8221;checkmark-list white-icon&#8221;]<\/p>\n<ul>\n<li>100% Aluminum<\/li>\n<li>Wind-Resistant (Up to 100 km\/h)<\/li>\n<li>Waterproof<\/li>\n<li>Adjustable Louvers<\/li>\n<li>Modular Design<\/li>\n<li>Snow-Resistant (Up to 100 kg\/m\u00b2)<\/li>\n<li>Motorized Version: Includes remote control, 2-year motor warranty<\/li>\n<li>10-Year Warranty (Structure &amp; Paint)<\/li>\n<\/ul>\n<p>[\/vc_column_text]<a href=\"\/en\/retailers\/\" target=\"_self\" class=\"dist-btn type2\">Find a retailer in your area<\/a>[\/vc_column][vc_column width=&#8221;1\/2&#8243; css=&#8221;.vc_custom_1741623716912{background-image: url(https:\/\/procamdistribution.ca\/wp-content\/uploads\/2022\/05\/MG_9358-smaller.jpg?id=5294) !important;}&#8221;][\/vc_column][\/vc_row][vc_row type=&#8221;in_grid&#8221; el_class=&#8221;large-eventail-produits-row padding-top-100&#8243;][vc_column][vc_row_inner type=&#8221;full_width&#8221; css=&#8221;.vc_custom_1741269558797{padding-bottom: 50px !important;}&#8221;][vc_column_inner][vc_column_text css=&#8221;&#8221;]<\/p>\n<h2>Our options<\/h2>\n<p>[\/vc_column_text][\/vc_column_inner][\/vc_row_inner][vc_row_inner equal_height=&#8221;yes&#8221; type=&#8221;full_width&#8221; el_class=&#8221;large-eventail-produits-inner-row&#8221;][vc_column_inner width=&#8221;1\/5&#8243; css=&#8221;.vc_custom_1740766925100{background-image: url(https:\/\/procamdistribution.ca\/wp-content\/uploads\/2021\/02\/Villa-Pergola-pdf.pdf12_Page_13_Image_0001.png?id=632) !important;}&#8221;][vc_column_text css=&#8221;&#8221; el_class=&#8221;large-eventail-produits-titre&#8221;]Automated slats (optional)[\/vc_column_text][\/vc_column_inner][vc_column_inner width=&#8221;1\/5&#8243; css=&#8221;.vc_custom_1740766968235{background-image: url(https:\/\/procamdistribution.ca\/wp-content\/uploads\/2024\/02\/DSC03450-scaled.jpg?id=11899) !important;}&#8221;][vc_column_text css=&#8221;&#8221; el_class=&#8221;large-eventail-produits-titre&#8221;]LED light strip[\/vc_column_text][\/vc_column_inner][vc_column_inner width=&#8221;1\/5&#8243; css=&#8221;.vc_custom_1740767154841{background-image: url(https:\/\/procamdistribution.ca\/wp-content\/uploads\/2021\/02\/Villa-Pergola-pdf.pdf12_Page_09_Image_0001.png?id=634) !important;}&#8221;][vc_column_text css=&#8221;&#8221; el_class=&#8221;large-eventail-produits-titre&#8221;]Integrated gutters[\/vc_column_text][\/vc_column_inner][vc_column_inner width=&#8221;1\/5&#8243; css=&#8221;.vc_custom_1740767231315{background-image: url(https:\/\/procamdistribution.ca\/wp-content\/uploads\/2024\/05\/IMG_7851-scaled.jpg?id=12560) !important;}&#8221;][vc_column_text css=&#8221;&#8221; el_class=&#8221;large-eventail-produits-titre&#8221;]Privacy panel (optional)[\/vc_column_text][\/vc_column_inner][vc_column_inner width=&#8221;1\/5&#8243; css=&#8221;.vc_custom_1740767250207{background-image: url(https:\/\/procamdistribution.ca\/wp-content\/uploads\/2025\/02\/procam-villa-pergola-bg.png?id=14640) !important;}&#8221;][vc_column_text css=&#8221;&#8221; el_class=&#8221;large-eventail-produits-titre&#8221;]Manual or motorized mosquito screen (optional)[\/vc_column_text][\/vc_column_inner][\/vc_row_inner][\/vc_column][\/vc_row][vc_row type=&#8221;in_grid&#8221; el_class=&#8221;pergola-monaco-row padding-b-200 padding-100&#8243;][vc_column][vc_row_inner equal_height=&#8221;yes&#8221; type=&#8221;full_width&#8221; el_class=&#8221;pergola-monaco-inner-row&#8221;][vc_column_inner width=&#8221;1\/2&#8243; css=&#8221;.vc_custom_1741623936411{background-image: url(https:\/\/procamdistribution.ca\/wp-content\/uploads\/2024\/02\/12-Pergola-monako-ESC-STRATEGI-K.jpg?id=11862) !important;}&#8221;][\/vc_column_inner][vc_column_inner el_class=&#8221;padding-50&#8243; width=&#8221;1\/2&#8243;][vc_column_text css=&#8221;.vc_custom_1741802068859{margin-bottom: 20px !important;}&#8221; el_class=&#8221;blue-icon list-2-col square-list&#8221;]<\/p>\n<h3 data-start=\"0\" data-end=\"70\"><strong data-start=\"0\" data-end=\"68\">Transform Your Outdoor Space with a <span style=\"color: #37ddfc;\">Custom Pergola!<\/span><\/strong><\/h3>\n<p>Whether for a residential or commercial project, a <strong>custom pergola<\/strong> brings style, comfort, and functionality to your outdoor area. From a cozy relaxation nook to a spacious covered terrace, we design structures tailored to all dimensions and needs.<\/p>\n<p data-start=\"417\" data-end=\"617\">\ud83d\udd39 Elegant and Durable Design<br data-start=\"449\" data-end=\"452\" \/>\ud83d\udd39 Customized to Fit Your Space and Preferences<br data-start=\"494\" data-end=\"497\" data-is-only-node=\"\" \/>\ud83d\udd39 High-Quality Materials for Long-Lasting Performance<br data-start=\"559\" data-end=\"562\" \/>\ud83d\udd39 Enhances the Value and Appeal of Your Property<\/p>\n<p data-start=\"619\" data-end=\"761\" data-is-last-node=\"\" data-is-only-node=\"\">Create an exceptional outdoor living space for every season. <strong>Contact us today<\/strong> to discuss your project!t<\/p>\n<p>[\/vc_column_text][\/vc_column_inner][\/vc_row_inner][\/vc_column][\/vc_row][vc_row type=&#8221;in_grid&#8221; css=&#8221;.vc_custom_1740582842261{background-color: #F5F5F5 !important;}&#8221; el_class=&#8221;resultat-personnalise-row&#8221;][vc_column][vc_row_inner type=&#8221;full_width&#8221; el_class=&#8221;resultat-personnalise-inner-row text-center padding-t-150 padding-100&#8243;][vc_column_inner][vc_single_image image=&#8221;14734&#8243; img_size=&#8221;full&#8221; alignment=&#8221;center&#8221; css=&#8221;&#8221;][vc_column_text css=&#8221;&#8221;]<\/p>\n<h2>Make the Most of Your Backyard<\/h2>\n<p>[\/vc_column_text][vc_column_text css=&#8221;&#8221;]Treat yourself to a state-of-the-art aluminum pergola, designed to complement any residential or commercial setting. With adjustable louvers, you can effortlessly control the balance of shade and sunlight to suit your preferences.<\/p>\n<p>This pergola provides optimal protection with its integrated drainage system, while high-quality aluminum ensures exceptional durability and minimal maintenance. The built-in LED lighting creates a cozy ambiance for summer evenings, and the optional mosquito screen shields you from wind and insects.<\/p>\n<p>All of this, at the best quality-to-price ratio in Canada. Transform your outdoor space into a haven of comfort and elegance.[\/vc_column_text]<a href=\"\/en\/contact\/\" target=\"_self\" class=\"dist-btn\">Contact us<\/a>[\/vc_column_inner][\/vc_row_inner][\/vc_column][\/vc_row][vc_row type=&#8221;in_grid&#8221; el_class=&#8221;padding-100&#8243;][vc_column][vc_row_inner type=&#8221;full_width&#8221;][vc_column_inner]<div class=\"dist-shortcode-container wpb_content_element\">\n    <div class=\"portfolio-flex-container portfolio-flex-7-container\">\n        \n            \n            <div class=\"portfolio-item\" style=\"background-image: url('https:\/\/procamdistribution.ca\/wp-content\/uploads\/2025\/03\/IMG_7827-scaled-1.jpg');\">\n                <a href=\"https:\/\/procamdistribution.ca\/wp-content\/uploads\/2025\/03\/IMG_7827-scaled-1.jpg\" rel=\"prettyPhoto[portfolio]\" class=\"portfolio-link\"><\/a>\n            <\/div>\n\n        \n            \n            <div class=\"portfolio-item\" style=\"background-image: url('https:\/\/procamdistribution.ca\/wp-content\/uploads\/2025\/03\/STRATEGI-K-12.jpg');\">\n                <a href=\"https:\/\/procamdistribution.ca\/wp-content\/uploads\/2025\/03\/STRATEGI-K-12.jpg\" rel=\"prettyPhoto[portfolio]\" class=\"portfolio-link\"><\/a>\n            <\/div>\n\n        \n            \n            <div class=\"portfolio-item\" style=\"background-image: url('https:\/\/procamdistribution.ca\/wp-content\/uploads\/2025\/03\/WhatsApp-Image-2024-08-28-a-16.11.52_c29f5f37.jpg');\">\n                <a href=\"https:\/\/procamdistribution.ca\/wp-content\/uploads\/2025\/03\/WhatsApp-Image-2024-08-28-a-16.11.52_c29f5f37.jpg\" rel=\"prettyPhoto[portfolio]\" class=\"portfolio-link\"><\/a>\n            <\/div>\n\n        \n            \n            <div class=\"portfolio-item\" style=\"background-image: url('https:\/\/procamdistribution.ca\/wp-content\/uploads\/2025\/03\/pergola-blanc.jpg');\">\n                <a href=\"https:\/\/procamdistribution.ca\/wp-content\/uploads\/2025\/03\/pergola-blanc.jpg\" rel=\"prettyPhoto[portfolio]\" class=\"portfolio-link\"><\/a>\n            <\/div>\n\n        \n            \n            <div class=\"portfolio-item\" style=\"background-image: url('https:\/\/procamdistribution.ca\/wp-content\/uploads\/2025\/03\/Projet-verre-piscine-hors-terre-Amenagement-groupe-vert-plus-2.jpg');\">\n                <a href=\"https:\/\/procamdistribution.ca\/wp-content\/uploads\/2025\/03\/Projet-verre-piscine-hors-terre-Amenagement-groupe-vert-plus-2.jpg\" rel=\"prettyPhoto[portfolio]\" class=\"portfolio-link\"><\/a>\n            <\/div>\n\n                        <div class=\"portfolio-custom-div-6\">\n                    <div class=\"portfolio-custom-div-6-inner\">\n                        <h2>Portfolio<\/h2>\n                        <p>Our landscaping products enhance your living space with sleek designs and clean lines, offering a contemporary style and an unmatched touch of elegance. All our products seamlessly integrate into various outdoor design styles.<\/p>\n                        <a href=\"\/en\/portfolio\/\" class=\"dist-btn type2\">Consult our portfolio<\/a>\n                    <\/div>\n                <\/div>\n            \n            \n            <div class=\"portfolio-item\" style=\"background-image: url('https:\/\/procamdistribution.ca\/wp-content\/uploads\/2025\/03\/STRATEGI-K-4.jpg');\">\n                <a href=\"https:\/\/procamdistribution.ca\/wp-content\/uploads\/2025\/03\/STRATEGI-K-4.jpg\" rel=\"prettyPhoto[portfolio]\" class=\"portfolio-link\"><\/a>\n            <\/div>\n\n        \n            \n            <div class=\"portfolio-item\" style=\"background-image: url('https:\/\/procamdistribution.ca\/wp-content\/uploads\/2025\/03\/MG_9311-smaller.jpg');\">\n                <a href=\"https:\/\/procamdistribution.ca\/wp-content\/uploads\/2025\/03\/MG_9311-smaller.jpg\" rel=\"prettyPhoto[portfolio]\" class=\"portfolio-link\"><\/a>\n            <\/div>\n\n            <\/div>\n\n    <\/div>[\/vc_column_inner][\/vc_row_inner][\/vc_column][\/vc_row]<\/p>\n<\/div>","protected":false},"excerpt":{"rendered":"<p>[vc_row equal_height=&#8221;yes&#8221; type=&#8221;in_grid&#8221; css=&#8221;.vc_custom_1740579951100{background-image: url(https:\/\/procamdistribution.ca\/wp-content\/uploads\/2025\/02\/procam-large-eventail-produits-img.png?id=14624) !important;}&#8221; el_class=&#8221;pergola-solution-durable-row large-eventail-produits-title-row&#8221;][vc_column width=&#8221;1\/2&#8243; el_class=&#8221;padding-100&#8243;][vc_column_text css=&#8221;&#8221;] Custom Pergola [\/vc_column_text][vc_column_text css=&#8221;&#8221;]Modern and stylish, Monaco Pergolas can be custom-installed to perfectly fit any commercial or residential outdoor space.[\/vc_column_text][\/vc_column][vc_column width=&#8221;1\/2&#8243;][\/vc_column][\/vc_row][vc_row type=&#8221;in_grid&#8221; min_height=&#8221;450&#8243; css=&#8221;.vc_custom_1775844004912{background-color: #EBEBEB !important;}&#8221;][vc_column width=&#8221;1\/2&#8243;][vc_single_image image=&#8221;17823&#8243; img_size=&#8221;full&#8221; alignment=&#8221;center&#8221; onclick=&#8221;custom_link&#8221; img_link_target=&#8221;_blank&#8221; css=&#8221;&#8221; link=&#8221;https:\/\/showroom.aluminium-pergola.ca\/en\/s\/procam-distribution\/showroom\/browse&#8221;][\/vc_column][vc_column width=&#8221;1\/2&#8243; css=&#8221;.vc_custom_1775844273171{padding-top: 70px !important;padding-bottom: 70px !important;}&#8221;][vc_column_text css=&#8221;&#8221;] NEW! Explore our [&hellip;]<\/p>\n","protected":false},"author":1,"featured_media":0,"parent":0,"menu_order":0,"comment_status":"closed","ping_status":"closed","template":"","meta":{"_acf_changed":false,"footnotes":""},"class_list":["post-15264","page","type-page","status-publish","hentry"],"acf":[],"yoast_head":"<!-- This site is optimized with the Yoast SEO plugin v26.3 - https:\/\/yoast.com\/wordpress\/plugins\/seo\/ -->\n<title>Pergola Monaco &#8211; Distribution Procam<\/title>\n<meta name=\"description\" content=\"Les pergolas bioclimatiques apportent de l&#039;ombre, de l&#039;intimit\u00e9 et de l&#039;ornementation \u00e0 votre espace de vie ext\u00e9rieur.\" \/>\n<meta name=\"robots\" content=\"noindex, nofollow\" \/>\n<meta property=\"og:locale\" content=\"en_US\" \/>\n<meta property=\"og:type\" content=\"article\" \/>\n<meta property=\"og:title\" content=\"Pergola Monaco &#8211; Distribution Procam\" \/>\n<meta property=\"og:description\" content=\"Les pergolas bioclimatiques apportent de l&#039;ombre, de l&#039;intimit\u00e9 et de l&#039;ornementation \u00e0 votre espace de vie ext\u00e9rieur.\" \/>\n<meta property=\"og:url\" content=\"https:\/\/procamdistribution.ca\/en\/pergola-monaco\/\" \/>\n<meta property=\"og:site_name\" content=\"Distribution Procam\" \/>\n<meta property=\"article:publisher\" content=\"https:\/\/facebook.com\/ProcamDistribution\/\" \/>\n<meta property=\"article:modified_time\" content=\"2026-04-10T18:09:50+00:00\" \/>\n<meta name=\"twitter:card\" content=\"summary_large_image\" \/>\n<meta name=\"twitter:label1\" content=\"Est. reading time\" \/>\n\t<meta name=\"twitter:data1\" content=\"3 minutes\" \/>\n<script type=\"application\/ld+json\" class=\"yoast-schema-graph\">{\"@context\":\"https:\/\/schema.org\",\"@graph\":[{\"@type\":\"WebPage\",\"@id\":\"https:\/\/procamdistribution.ca\/en\/pergola-monaco\/\",\"url\":\"https:\/\/procamdistribution.ca\/en\/pergola-monaco\/\",\"name\":\"Pergola Monaco &#8211; Distribution Procam\",\"isPartOf\":{\"@id\":\"https:\/\/procamdistribution.ca\/#website\"},\"datePublished\":\"2025-03-07T13:57:47+00:00\",\"dateModified\":\"2026-04-10T18:09:50+00:00\",\"description\":\"Les pergolas bioclimatiques apportent de l'ombre, de l'intimit\u00e9 et de l'ornementation \u00e0 votre espace de vie ext\u00e9rieur.\",\"breadcrumb\":{\"@id\":\"https:\/\/procamdistribution.ca\/en\/pergola-monaco\/#breadcrumb\"},\"inLanguage\":\"en-CA\",\"potentialAction\":[{\"@type\":\"ReadAction\",\"target\":[\"https:\/\/procamdistribution.ca\/en\/pergola-monaco\/\"]}]},{\"@type\":\"BreadcrumbList\",\"@id\":\"https:\/\/procamdistribution.ca\/en\/pergola-monaco\/#breadcrumb\",\"itemListElement\":[{\"@type\":\"ListItem\",\"position\":1,\"name\":\"Home\",\"item\":\"https:\/\/procamdistribution.ca\/en\/\"},{\"@type\":\"ListItem\",\"position\":2,\"name\":\"Pergola Monaco\"}]},{\"@type\":\"WebSite\",\"@id\":\"https:\/\/procamdistribution.ca\/#website\",\"url\":\"https:\/\/procamdistribution.ca\/\",\"name\":\"Distribution Procam\",\"description\":\"\",\"potentialAction\":[{\"@type\":\"SearchAction\",\"target\":{\"@type\":\"EntryPoint\",\"urlTemplate\":\"https:\/\/procamdistribution.ca\/?s={search_term_string}\"},\"query-input\":{\"@type\":\"PropertyValueSpecification\",\"valueRequired\":true,\"valueName\":\"search_term_string\"}}],\"inLanguage\":\"en-CA\"}]}<\/script>\n<!-- \/ Yoast SEO plugin. -->","yoast_head_json":{"title":"Pergola Monaco &#8211; Distribution Procam","description":"Les pergolas bioclimatiques apportent de l'ombre, de l'intimit\u00e9 et de l'ornementation \u00e0 votre espace de vie ext\u00e9rieur.","robots":{"index":"noindex","follow":"nofollow"},"og_locale":"en_US","og_type":"article","og_title":"Pergola Monaco &#8211; Distribution Procam","og_description":"Les pergolas bioclimatiques apportent de l'ombre, de l'intimit\u00e9 et de l'ornementation \u00e0 votre espace de vie ext\u00e9rieur.","og_url":"https:\/\/procamdistribution.ca\/en\/pergola-monaco\/","og_site_name":"Distribution Procam","article_publisher":"https:\/\/facebook.com\/ProcamDistribution\/","article_modified_time":"2026-04-10T18:09:50+00:00","twitter_card":"summary_large_image","twitter_misc":{"Est. reading time":"3 minutes"},"schema":{"@context":"https:\/\/schema.org","@graph":[{"@type":"WebPage","@id":"https:\/\/procamdistribution.ca\/en\/pergola-monaco\/","url":"https:\/\/procamdistribution.ca\/en\/pergola-monaco\/","name":"Pergola Monaco &#8211; Distribution Procam","isPartOf":{"@id":"https:\/\/procamdistribution.ca\/#website"},"datePublished":"2025-03-07T13:57:47+00:00","dateModified":"2026-04-10T18:09:50+00:00","description":"Les pergolas bioclimatiques apportent de l'ombre, de l'intimit\u00e9 et de l'ornementation \u00e0 votre espace de vie ext\u00e9rieur.","breadcrumb":{"@id":"https:\/\/procamdistribution.ca\/en\/pergola-monaco\/#breadcrumb"},"inLanguage":"en-CA","potentialAction":[{"@type":"ReadAction","target":["https:\/\/procamdistribution.ca\/en\/pergola-monaco\/"]}]},{"@type":"BreadcrumbList","@id":"https:\/\/procamdistribution.ca\/en\/pergola-monaco\/#breadcrumb","itemListElement":[{"@type":"ListItem","position":1,"name":"Home","item":"https:\/\/procamdistribution.ca\/en\/"},{"@type":"ListItem","position":2,"name":"Pergola Monaco"}]},{"@type":"WebSite","@id":"https:\/\/procamdistribution.ca\/#website","url":"https:\/\/procamdistribution.ca\/","name":"Distribution Procam","description":"","potentialAction":[{"@type":"SearchAction","target":{"@type":"EntryPoint","urlTemplate":"https:\/\/procamdistribution.ca\/?s={search_term_string}"},"query-input":{"@type":"PropertyValueSpecification","valueRequired":true,"valueName":"search_term_string"}}],"inLanguage":"en-CA"}]}},"_links":{"self":[{"href":"https:\/\/procamdistribution.ca\/en\/wp-json\/wp\/v2\/pages\/15264","targetHints":{"allow":["GET"]}}],"collection":[{"href":"https:\/\/procamdistribution.ca\/en\/wp-json\/wp\/v2\/pages"}],"about":[{"href":"https:\/\/procamdistribution.ca\/en\/wp-json\/wp\/v2\/types\/page"}],"author":[{"embeddable":true,"href":"https:\/\/procamdistribution.ca\/en\/wp-json\/wp\/v2\/users\/1"}],"replies":[{"embeddable":true,"href":"https:\/\/procamdistribution.ca\/en\/wp-json\/wp\/v2\/comments?post=15264"}],"version-history":[{"count":3,"href":"https:\/\/procamdistribution.ca\/en\/wp-json\/wp\/v2\/pages\/15264\/revisions"}],"predecessor-version":[{"id":17833,"href":"https:\/\/procamdistribution.ca\/en\/wp-json\/wp\/v2\/pages\/15264\/revisions\/17833"}],"wp:attachment":[{"href":"https:\/\/procamdistribution.ca\/en\/wp-json\/wp\/v2\/media?parent=15264"}],"curies":[{"name":"wp","href":"https:\/\/api.w.org\/{rel}","templated":true}]}}