{"id":15266,"date":"2025-03-07T08:58:26","date_gmt":"2025-03-07T13:58:26","guid":{"rendered":"https:\/\/procamdistribution.ca\/cloture-intimite\/"},"modified":"2025-03-12T14:41:56","modified_gmt":"2025-03-12T18:41:56","slug":"privacy-fence","status":"publish","type":"page","link":"https:\/\/procamdistribution.ca\/en\/privacy-fence\/","title":{"rendered":"Privacy Fence"},"content":{"rendered":"<div class=\"wpb-content-wrapper\"><p>[vc_row type=&#8221;in_grid&#8221;][vc_column][vc_row_inner equal_height=&#8221;yes&#8221; type=&#8221;full_width&#8221; el_class=&#8221;pergola-solution-durable-row large-eventail-produits-title-row&#8221;][vc_column_inner el_class=&#8221;padding-100&#8243; width=&#8221;1\/2&#8243;][vc_column_text css=&#8221;&#8221;]<\/p>\n<h2>A Unique Look with Modern Privacy<\/h2>\n<p>[\/vc_column_text][vc_column_text css=&#8221;&#8221;]Privacy fences feature a sleek, contemporary design that seamlessly blends with various landscaping styles while keeping your space shielded from view.[\/vc_column_text]<a href=\"\/en\/portfolio\/\" target=\"_self\" class=\"dist-btn\">See our inspirations<\/a>[\/vc_column_inner][vc_column_inner width=&#8221;1\/2&#8243; css=&#8221;.vc_custom_1741635007912{background-image: url(https:\/\/procamdistribution.ca\/wp-content\/uploads\/2022\/07\/Harmony-1.jpg?id=7937) !important;background-position: center !important;background-repeat: no-repeat !important;background-size: contain !important;}&#8221;][\/vc_column_inner][\/vc_row_inner][\/vc_column][\/vc_row][vc_row equal_height=&#8221;yes&#8221; type=&#8221;full_width&#8221; el_class=&#8221;nos-pergolas-row&#8221;][vc_column width=&#8221;1\/2&#8243; el_class=&#8221;padding-100&#8243;][vc_column_text css=&#8221;&#8221;]<\/p>\n<h2>A Durable and Timeless Solution<\/h2>\n<p>[\/vc_column_text][vc_column_text css=&#8221;&#8221; el_class=&#8221;checkmark-list white-icon&#8221;]<\/p>\n<ul>\n<li>100% Aluminum<\/li>\n<li>Long-Lasting and Timeless<\/li>\n<li>Maintenance-Free<\/li>\n<li>10-Year Warranty (Structure &amp; Paint)*<\/li>\n<\/ul>\n<p>[\/vc_column_text]<a href=\"\/en\/retailers\/\" target=\"_self\" class=\"dist-btn type2\">Find a retailer in your area<\/a>[\/vc_column][vc_column width=&#8221;1\/2&#8243; css=&#8221;.vc_custom_1741623365481{background-image: url(https:\/\/procamdistribution.ca\/wp-content\/uploads\/2022\/09\/Image-1.jpeg?id=7432) !important;}&#8221;][\/vc_column][\/vc_row][vc_row type=&#8221;in_grid&#8221; el_class=&#8221;large-eventail-produits-row padding-top-100 padding-b-200&#8243;][vc_column][vc_row_inner type=&#8221;full_width&#8221; css=&#8221;.vc_custom_1741269558797{padding-bottom: 50px !important;}&#8221;][vc_column_inner][vc_column_text css=&#8221;&#8221;]<\/p>\n<h2>Various Design Styles<\/h2>\n<p>[\/vc_column_text][\/vc_column_inner][\/vc_row_inner][vc_row_inner equal_height=&#8221;yes&#8221; type=&#8221;full_width&#8221; el_class=&#8221;large-eventail-produits-inner-row&#8221;][vc_column_inner width=&#8221;1\/5&#8243; css=&#8221;.vc_custom_1741622628910{background-image: url(https:\/\/procamdistribution.ca\/wp-content\/uploads\/2022\/08\/Rampe3a-1-scaled.jpg?id=7952) !important;}&#8221;][vc_column_text css=&#8221;&#8221; el_class=&#8221;large-eventail-produits-titre&#8221;]Partial Privacy[\/vc_column_text][\/vc_column_inner][vc_column_inner width=&#8221;1\/5&#8243; css=&#8221;.vc_custom_1741622674256{background-image: url(https:\/\/procamdistribution.ca\/wp-content\/uploads\/2022\/08\/Rampe4a-scaled.jpg?id=7946) !important;}&#8221;][vc_column_text css=&#8221;&#8221; el_class=&#8221;large-eventail-produits-titre&#8221;]Total Privacy[\/vc_column_text][\/vc_column_inner][vc_column_inner width=&#8221;1\/5&#8243; css=&#8221;.vc_custom_1741623187153{background-image: url(https:\/\/procamdistribution.ca\/wp-content\/uploads\/2024\/05\/WhatsApp-Image-2023-07-05-a-16.26.33.jpg?id=12548) !important;}&#8221;][vc_column_text css=&#8221;&#8221; el_class=&#8221;large-eventail-produits-titre&#8221;]Versatile Applications[\/vc_column_text][\/vc_column_inner][\/vc_row_inner][\/vc_column][\/vc_row][vc_row disable_element=&#8221;yes&#8221; type=&#8221;in_grid&#8221; el_class=&#8221;pergola-monaco-row padding-b-200 padding-100&#8243;][vc_column][vc_row_inner equal_height=&#8221;yes&#8221; type=&#8221;full_width&#8221; el_class=&#8221;pergola-monaco-inner-row&#8221;][vc_column_inner width=&#8221;1\/2&#8243; css=&#8221;.vc_custom_1740767831149{background-image: url(https:\/\/procamdistribution.ca\/wp-content\/uploads\/2021\/05\/pergola-blanc.jpg?id=8518) !important;}&#8221;][\/vc_column_inner][vc_column_inner el_class=&#8221;padding-50&#8243; width=&#8221;1\/2&#8243;][vc_column_text css=&#8221;.vc_custom_1740768028815{margin-bottom: 20px !important;}&#8221;]<\/p>\n<h3>Disponible en version <span style=\"color: #37ddfc;\">manuelle<\/span> et <span style=\"color: #37ddfc;\">automatis\u00e9e<\/span>.<\/h3>\n<p>[\/vc_column_text][vc_column_text css=&#8221;.vc_custom_1740765668147{margin-bottom: 20px !important;}&#8221; el_class=&#8221;blue-icon list-2-col square-list&#8221;]<\/p>\n<h4>Dimensions disponibles<\/h4>\n<ul>\n<li>10 x 10<\/li>\n<li>10 x 13<\/li>\n<li>13 x 13<\/li>\n<li>19 x 13<\/li>\n<\/ul>\n<p>[\/vc_column_text][vc_column_text css=&#8221;.vc_custom_1740765731046{margin-bottom: 20px !important;}&#8221; el_class=&#8221;blue-icon list-2-col square-list&#8221;]<\/p>\n<h4>Couleurs disponibles<\/h4>\n<ul>\n<li>Charbon<\/li>\n<li>Blanc<\/li>\n<li>Hybride<\/li>\n<\/ul>\n<p>[\/vc_column_text][\/vc_column_inner][\/vc_row_inner][\/vc_column][\/vc_row][vc_row type=&#8221;in_grid&#8221; css=&#8221;.vc_custom_1740582842261{background-color: #F5F5F5 !important;}&#8221; el_class=&#8221;resultat-personnalise-row&#8221;][vc_column][vc_row_inner type=&#8221;full_width&#8221; el_class=&#8221;resultat-personnalise-inner-row text-center padding-t-150 padding-100&#8243;][vc_column_inner][vc_single_image image=&#8221;14734&#8243; img_size=&#8221;full&#8221; alignment=&#8221;center&#8221; css=&#8221;&#8221;][vc_column_text css=&#8221;&#8221;]<\/p>\n<h2>Make the Most of Your Backyard<\/h2>\n<p>[\/vc_column_text][vc_column_text css=&#8221;&#8221;]Designed with elegance, simplicity, and versatility in mind, the <strong>Urbania fencing system<\/strong> meets a variety of needs. With its contemporary lines, it seamlessly integrates into different landscaping styles, making it a smart, timeless, and budget-friendly choice.<\/p>\n<p>Constructed from aluminum with a durable powder-coated finish, these fences offer exceptional strength, longevity, and safety while requiring minimal maintenance.<\/p>\n<p>Weld points are positioned beneath the horizontal rails for a clean, discreet assembly. The three horizontal rails provide superior support, allowing for <strong>7&#8242; spacing<\/strong>\u2014a simple yet effective feature that extends panel reach while reducing the number of panels and posts needed for installation. <strong>Surface-mounted posts<\/strong> offer additional installation flexibility.[\/vc_column_text]<a href=\"\/en\/contact\/\" target=\"_self\" class=\"dist-btn\">Contact us!<\/a>[\/vc_column_inner][\/vc_row_inner][\/vc_column][\/vc_row][vc_row type=&#8221;in_grid&#8221; el_class=&#8221;padding-100&#8243;][vc_column][vc_row_inner type=&#8221;full_width&#8221;][vc_column_inner]<div class=\"dist-shortcode-container wpb_content_element\">\n    <div class=\"portfolio-flex-container portfolio-flex-7-container\">\n        \n            \n            <div class=\"portfolio-item\" style=\"background-image: url('https:\/\/procamdistribution.ca\/wp-content\/uploads\/2025\/03\/IMG_7827-scaled-1.jpg');\">\n                <a href=\"https:\/\/procamdistribution.ca\/wp-content\/uploads\/2025\/03\/IMG_7827-scaled-1.jpg\" rel=\"prettyPhoto[portfolio]\" class=\"portfolio-link\"><\/a>\n            <\/div>\n\n        \n            \n            <div class=\"portfolio-item\" style=\"background-image: url('https:\/\/procamdistribution.ca\/wp-content\/uploads\/2025\/03\/STRATEGI-K-12.jpg');\">\n                <a href=\"https:\/\/procamdistribution.ca\/wp-content\/uploads\/2025\/03\/STRATEGI-K-12.jpg\" rel=\"prettyPhoto[portfolio]\" class=\"portfolio-link\"><\/a>\n            <\/div>\n\n        \n            \n            <div class=\"portfolio-item\" style=\"background-image: url('https:\/\/procamdistribution.ca\/wp-content\/uploads\/2025\/03\/WhatsApp-Image-2024-08-28-a-16.11.52_c29f5f37.jpg');\">\n                <a href=\"https:\/\/procamdistribution.ca\/wp-content\/uploads\/2025\/03\/WhatsApp-Image-2024-08-28-a-16.11.52_c29f5f37.jpg\" rel=\"prettyPhoto[portfolio]\" class=\"portfolio-link\"><\/a>\n            <\/div>\n\n        \n            \n            <div class=\"portfolio-item\" style=\"background-image: url('https:\/\/procamdistribution.ca\/wp-content\/uploads\/2025\/03\/pergola-blanc.jpg');\">\n                <a href=\"https:\/\/procamdistribution.ca\/wp-content\/uploads\/2025\/03\/pergola-blanc.jpg\" rel=\"prettyPhoto[portfolio]\" class=\"portfolio-link\"><\/a>\n            <\/div>\n\n        \n            \n            <div class=\"portfolio-item\" style=\"background-image: url('https:\/\/procamdistribution.ca\/wp-content\/uploads\/2025\/03\/Projet-verre-piscine-hors-terre-Amenagement-groupe-vert-plus-2.jpg');\">\n                <a href=\"https:\/\/procamdistribution.ca\/wp-content\/uploads\/2025\/03\/Projet-verre-piscine-hors-terre-Amenagement-groupe-vert-plus-2.jpg\" rel=\"prettyPhoto[portfolio]\" class=\"portfolio-link\"><\/a>\n            <\/div>\n\n                        <div class=\"portfolio-custom-div-6\">\n                    <div class=\"portfolio-custom-div-6-inner\">\n                        <h2>Portfolio<\/h2>\n                        <p>Our landscaping products enhance your living space with sleek designs and clean lines, offering a contemporary style and an unmatched touch of elegance. All our products seamlessly integrate into various outdoor design styles.<\/p>\n                        <a href=\"\/en\/portfolio\/\" class=\"dist-btn type2\">Consult our portfolio<\/a>\n                    <\/div>\n                <\/div>\n            \n            \n            <div class=\"portfolio-item\" style=\"background-image: url('https:\/\/procamdistribution.ca\/wp-content\/uploads\/2025\/03\/STRATEGI-K-4.jpg');\">\n                <a href=\"https:\/\/procamdistribution.ca\/wp-content\/uploads\/2025\/03\/STRATEGI-K-4.jpg\" rel=\"prettyPhoto[portfolio]\" class=\"portfolio-link\"><\/a>\n            <\/div>\n\n        \n            \n            <div class=\"portfolio-item\" style=\"background-image: url('https:\/\/procamdistribution.ca\/wp-content\/uploads\/2025\/03\/MG_9311-smaller.jpg');\">\n                <a href=\"https:\/\/procamdistribution.ca\/wp-content\/uploads\/2025\/03\/MG_9311-smaller.jpg\" rel=\"prettyPhoto[portfolio]\" class=\"portfolio-link\"><\/a>\n            <\/div>\n\n            <\/div>\n\n    <\/div>[\/vc_column_inner][\/vc_row_inner][\/vc_column][\/vc_row]<\/p>\n<\/div>","protected":false},"excerpt":{"rendered":"<p>[vc_row type=&#8221;in_grid&#8221;][vc_column][vc_row_inner equal_height=&#8221;yes&#8221; type=&#8221;full_width&#8221; el_class=&#8221;pergola-solution-durable-row large-eventail-produits-title-row&#8221;][vc_column_inner el_class=&#8221;padding-100&#8243; width=&#8221;1\/2&#8243;][vc_column_text css=&#8221;&#8221;] A Unique Look with Modern Privacy [\/vc_column_text][vc_column_text css=&#8221;&#8221;]Privacy fences feature a sleek, contemporary design that seamlessly blends with various landscaping styles while keeping your space shielded from view.[\/vc_column_text][\/vc_column_inner][vc_column_inner width=&#8221;1\/2&#8243; css=&#8221;.vc_custom_1741635007912{background-image: url(https:\/\/procamdistribution.ca\/wp-content\/uploads\/2022\/07\/Harmony-1.jpg?id=7937) !important;background-position: center !important;background-repeat: no-repeat !important;background-size: contain !important;}&#8221;][\/vc_column_inner][\/vc_row_inner][\/vc_column][\/vc_row][vc_row equal_height=&#8221;yes&#8221; type=&#8221;full_width&#8221; el_class=&#8221;nos-pergolas-row&#8221;][vc_column width=&#8221;1\/2&#8243; el_class=&#8221;padding-100&#8243;][vc_column_text css=&#8221;&#8221;] A Durable [&hellip;]<\/p>\n","protected":false},"author":1,"featured_media":0,"parent":0,"menu_order":0,"comment_status":"closed","ping_status":"closed","template":"","meta":{"_acf_changed":false,"footnotes":""},"class_list":["post-15266","page","type-page","status-publish","hentry"],"acf":[],"yoast_head":"<!-- This site is optimized with the Yoast SEO plugin v26.3 - https:\/\/yoast.com\/wordpress\/plugins\/seo\/ -->\n<title>Privacy Fence &#8211; Distribution Procam<\/title>\n<meta name=\"description\" content=\"Les pergolas bioclimatiques apportent de l&#039;ombre, de l&#039;intimit\u00e9 et de l&#039;ornementation \u00e0 votre espace de vie ext\u00e9rieur.\" \/>\n<meta name=\"robots\" content=\"noindex, nofollow\" \/>\n<meta property=\"og:locale\" content=\"en_US\" \/>\n<meta property=\"og:type\" content=\"article\" \/>\n<meta property=\"og:title\" content=\"Privacy Fence &#8211; Distribution Procam\" \/>\n<meta property=\"og:description\" content=\"Les pergolas bioclimatiques apportent de l&#039;ombre, de l&#039;intimit\u00e9 et de l&#039;ornementation \u00e0 votre espace de vie ext\u00e9rieur.\" \/>\n<meta property=\"og:url\" content=\"https:\/\/procamdistribution.ca\/en\/privacy-fence\/\" \/>\n<meta property=\"og:site_name\" content=\"Distribution Procam\" \/>\n<meta property=\"article:publisher\" content=\"https:\/\/facebook.com\/ProcamDistribution\/\" \/>\n<meta property=\"article:modified_time\" content=\"2025-03-12T18:41:56+00:00\" \/>\n<meta name=\"twitter:card\" content=\"summary_large_image\" \/>\n<meta name=\"twitter:label1\" content=\"Est. reading time\" \/>\n\t<meta name=\"twitter:data1\" content=\"2 minutes\" \/>\n<script type=\"application\/ld+json\" class=\"yoast-schema-graph\">{\"@context\":\"https:\/\/schema.org\",\"@graph\":[{\"@type\":\"WebPage\",\"@id\":\"https:\/\/procamdistribution.ca\/en\/privacy-fence\/\",\"url\":\"https:\/\/procamdistribution.ca\/en\/privacy-fence\/\",\"name\":\"Privacy Fence &#8211; Distribution Procam\",\"isPartOf\":{\"@id\":\"https:\/\/procamdistribution.ca\/#website\"},\"datePublished\":\"2025-03-07T13:58:26+00:00\",\"dateModified\":\"2025-03-12T18:41:56+00:00\",\"description\":\"Les pergolas bioclimatiques apportent de l'ombre, de l'intimit\u00e9 et de l'ornementation \u00e0 votre espace de vie ext\u00e9rieur.\",\"breadcrumb\":{\"@id\":\"https:\/\/procamdistribution.ca\/en\/privacy-fence\/#breadcrumb\"},\"inLanguage\":\"en-CA\",\"potentialAction\":[{\"@type\":\"ReadAction\",\"target\":[\"https:\/\/procamdistribution.ca\/en\/privacy-fence\/\"]}]},{\"@type\":\"BreadcrumbList\",\"@id\":\"https:\/\/procamdistribution.ca\/en\/privacy-fence\/#breadcrumb\",\"itemListElement\":[{\"@type\":\"ListItem\",\"position\":1,\"name\":\"Home\",\"item\":\"https:\/\/procamdistribution.ca\/en\/\"},{\"@type\":\"ListItem\",\"position\":2,\"name\":\"Privacy Fence\"}]},{\"@type\":\"WebSite\",\"@id\":\"https:\/\/procamdistribution.ca\/#website\",\"url\":\"https:\/\/procamdistribution.ca\/\",\"name\":\"Distribution Procam\",\"description\":\"\",\"potentialAction\":[{\"@type\":\"SearchAction\",\"target\":{\"@type\":\"EntryPoint\",\"urlTemplate\":\"https:\/\/procamdistribution.ca\/?s={search_term_string}\"},\"query-input\":{\"@type\":\"PropertyValueSpecification\",\"valueRequired\":true,\"valueName\":\"search_term_string\"}}],\"inLanguage\":\"en-CA\"}]}<\/script>\n<!-- \/ Yoast SEO plugin. -->","yoast_head_json":{"title":"Privacy Fence &#8211; Distribution Procam","description":"Les pergolas bioclimatiques apportent de l'ombre, de l'intimit\u00e9 et de l'ornementation \u00e0 votre espace de vie ext\u00e9rieur.","robots":{"index":"noindex","follow":"nofollow"},"og_locale":"en_US","og_type":"article","og_title":"Privacy Fence &#8211; Distribution Procam","og_description":"Les pergolas bioclimatiques apportent de l'ombre, de l'intimit\u00e9 et de l'ornementation \u00e0 votre espace de vie ext\u00e9rieur.","og_url":"https:\/\/procamdistribution.ca\/en\/privacy-fence\/","og_site_name":"Distribution Procam","article_publisher":"https:\/\/facebook.com\/ProcamDistribution\/","article_modified_time":"2025-03-12T18:41:56+00:00","twitter_card":"summary_large_image","twitter_misc":{"Est. reading time":"2 minutes"},"schema":{"@context":"https:\/\/schema.org","@graph":[{"@type":"WebPage","@id":"https:\/\/procamdistribution.ca\/en\/privacy-fence\/","url":"https:\/\/procamdistribution.ca\/en\/privacy-fence\/","name":"Privacy Fence &#8211; Distribution Procam","isPartOf":{"@id":"https:\/\/procamdistribution.ca\/#website"},"datePublished":"2025-03-07T13:58:26+00:00","dateModified":"2025-03-12T18:41:56+00:00","description":"Les pergolas bioclimatiques apportent de l'ombre, de l'intimit\u00e9 et de l'ornementation \u00e0 votre espace de vie ext\u00e9rieur.","breadcrumb":{"@id":"https:\/\/procamdistribution.ca\/en\/privacy-fence\/#breadcrumb"},"inLanguage":"en-CA","potentialAction":[{"@type":"ReadAction","target":["https:\/\/procamdistribution.ca\/en\/privacy-fence\/"]}]},{"@type":"BreadcrumbList","@id":"https:\/\/procamdistribution.ca\/en\/privacy-fence\/#breadcrumb","itemListElement":[{"@type":"ListItem","position":1,"name":"Home","item":"https:\/\/procamdistribution.ca\/en\/"},{"@type":"ListItem","position":2,"name":"Privacy Fence"}]},{"@type":"WebSite","@id":"https:\/\/procamdistribution.ca\/#website","url":"https:\/\/procamdistribution.ca\/","name":"Distribution Procam","description":"","potentialAction":[{"@type":"SearchAction","target":{"@type":"EntryPoint","urlTemplate":"https:\/\/procamdistribution.ca\/?s={search_term_string}"},"query-input":{"@type":"PropertyValueSpecification","valueRequired":true,"valueName":"search_term_string"}}],"inLanguage":"en-CA"}]}},"_links":{"self":[{"href":"https:\/\/procamdistribution.ca\/en\/wp-json\/wp\/v2\/pages\/15266","targetHints":{"allow":["GET"]}}],"collection":[{"href":"https:\/\/procamdistribution.ca\/en\/wp-json\/wp\/v2\/pages"}],"about":[{"href":"https:\/\/procamdistribution.ca\/en\/wp-json\/wp\/v2\/types\/page"}],"author":[{"embeddable":true,"href":"https:\/\/procamdistribution.ca\/en\/wp-json\/wp\/v2\/users\/1"}],"replies":[{"embeddable":true,"href":"https:\/\/procamdistribution.ca\/en\/wp-json\/wp\/v2\/comments?post=15266"}],"version-history":[{"count":0,"href":"https:\/\/procamdistribution.ca\/en\/wp-json\/wp\/v2\/pages\/15266\/revisions"}],"wp:attachment":[{"href":"https:\/\/procamdistribution.ca\/en\/wp-json\/wp\/v2\/media?parent=15266"}],"curies":[{"name":"wp","href":"https:\/\/api.w.org\/{rel}","templated":true}]}}