{"id":15274,"date":"2025-03-07T09:15:40","date_gmt":"2025-03-07T14:15:40","guid":{"rendered":"https:\/\/procamdistribution.ca\/clotures-verre\/"},"modified":"2025-03-12T14:44:25","modified_gmt":"2025-03-12T18:44:25","slug":"glass-fences","status":"publish","type":"page","link":"https:\/\/procamdistribution.ca\/en\/glass-fences\/","title":{"rendered":"Glass Fences"},"content":{"rendered":"<div class=\"wpb-content-wrapper\"><p>[vc_row type=&#8221;in_grid&#8221;][vc_column][vc_row_inner equal_height=&#8221;yes&#8221; type=&#8221;full_width&#8221; el_class=&#8221;pergola-solution-durable-row large-eventail-produits-title-row&#8221;][vc_column_inner el_class=&#8221;padding-100&#8243; width=&#8221;1\/2&#8243;][vc_column_text css=&#8221;&#8221;]<\/p>\n<h2>Safety Has Never Been More Elegant<\/h2>\n<p>[\/vc_column_text][vc_column_text css=&#8221;&#8221;]Our glass fences enhance your living space with sleek lines that bring a contemporary design and an unmatched touch of elegance.[\/vc_column_text]<a href=\"\/en\/portfolio\/\" target=\"_self\" class=\"dist-btn\">See our inspirations<\/a>[\/vc_column_inner][vc_column_inner width=&#8221;1\/2&#8243; css=&#8221;.vc_custom_1741612208491{background-image: url(https:\/\/procamdistribution.ca\/wp-content\/uploads\/2023\/08\/panneau-standard.jpg?id=11053) !important;background-position: center !important;background-repeat: no-repeat !important;background-size: contain !important;}&#8221;][\/vc_column_inner][\/vc_row_inner][\/vc_column][\/vc_row][vc_row equal_height=&#8221;yes&#8221; type=&#8221;full_width&#8221; el_class=&#8221;nos-pergolas-row&#8221;][vc_column width=&#8221;1\/2&#8243; el_class=&#8221;padding-100&#8243;][vc_column_text css=&#8221;&#8221;]<\/p>\n<h2>Enhance Your Space with Transparency and Modern Design<\/h2>\n<p>[\/vc_column_text][vc_column_text css=&#8221;&#8221; el_class=&#8221;checkmark-list white-icon&#8221;]<\/p>\n<ul>\n<li>Premium Quality<\/li>\n<li>Maintenance-Free<\/li>\n<li>Available Heights: 36\u201d, 48\u201d, 60\u201d<\/li>\n<li>Mounts on Wood, Concrete, or Pavers<\/li>\n<li>Hardware Available in Stainless Steel or Black Stainless Steel<\/li>\n<\/ul>\n<p>[\/vc_column_text]<a href=\"\/en\/retailers\/\" target=\"_self\" class=\"dist-btn type2\">Find a retailer in your area<\/a>[\/vc_column][vc_column width=&#8221;1\/2&#8243; css=&#8221;.vc_custom_1741377631249{background-image: url(https:\/\/procamdistribution.ca\/wp-content\/uploads\/2021\/01\/rampe-verre-piscine.png?id=648) !important;}&#8221;][\/vc_column][\/vc_row][vc_row disable_element=&#8221;yes&#8221; type=&#8221;in_grid&#8221; el_class=&#8221;large-eventail-produits-row padding-top-100&#8243;][vc_column][vc_row_inner type=&#8221;full_width&#8221; css=&#8221;.vc_custom_1741269558797{padding-bottom: 50px !important;}&#8221;][vc_column_inner][vc_column_text css=&#8221;&#8221;]<\/p>\n<h2>Nos options<\/h2>\n<p>[\/vc_column_text][\/vc_column_inner][\/vc_row_inner][vc_row_inner equal_height=&#8221;yes&#8221; type=&#8221;full_width&#8221; el_class=&#8221;large-eventail-produits-inner-row&#8221;][vc_column_inner width=&#8221;1\/5&#8243; css=&#8221;.vc_custom_1740766925100{background-image: url(https:\/\/procamdistribution.ca\/wp-content\/uploads\/2021\/02\/Villa-Pergola-pdf.pdf12_Page_13_Image_0001.png?id=632) !important;}&#8221;][vc_column_text css=&#8221;&#8221; el_class=&#8221;large-eventail-produits-titre&#8221;]Porte[\/vc_column_text][\/vc_column_inner][vc_column_inner width=&#8221;1\/5&#8243; css=&#8221;.vc_custom_1740766968235{background-image: url(https:\/\/procamdistribution.ca\/wp-content\/uploads\/2024\/02\/DSC03450-scaled.jpg?id=11899) !important;}&#8221;][vc_column_text css=&#8221;&#8221; el_class=&#8221;large-eventail-produits-titre&#8221;]Spigo Inox[\/vc_column_text][\/vc_column_inner][vc_column_inner width=&#8221;1\/5&#8243; css=&#8221;.vc_custom_1740767154841{background-image: url(https:\/\/procamdistribution.ca\/wp-content\/uploads\/2021\/02\/Villa-Pergola-pdf.pdf12_Page_09_Image_0001.png?id=634) !important;}&#8221;][vc_column_text css=&#8221;&#8221; el_class=&#8221;large-eventail-produits-titre&#8221;]Spigo Noir[\/vc_column_text][\/vc_column_inner][vc_column_inner width=&#8221;1\/5&#8243; css=&#8221;.vc_custom_1740767231315{background-image: url(https:\/\/procamdistribution.ca\/wp-content\/uploads\/2024\/05\/IMG_7851-scaled.jpg?id=12560) !important;}&#8221;][vc_column_text css=&#8221;&#8221; el_class=&#8221;large-eventail-produits-titre&#8221;]Piscine[\/vc_column_text][\/vc_column_inner][vc_column_inner width=&#8221;1\/5&#8243; css=&#8221;.vc_custom_1740767250207{background-image: url(https:\/\/procamdistribution.ca\/wp-content\/uploads\/2025\/02\/procam-villa-pergola-bg.png?id=14640) !important;}&#8221;][vc_column_text css=&#8221;&#8221; el_class=&#8221;large-eventail-produits-titre&#8221;]Rampe[\/vc_column_text][\/vc_column_inner][\/vc_row_inner][\/vc_column][\/vc_row][vc_row type=&#8221;in_grid&#8221; el_class=&#8221;pergola-monaco-row padding-b-200 padding-100&#8243;][vc_column][vc_row_inner equal_height=&#8221;yes&#8221; type=&#8221;full_width&#8221; el_class=&#8221;pergola-monaco-inner-row&#8221;][vc_column_inner width=&#8221;1\/2&#8243; css=&#8221;.vc_custom_1741377721228{background-image: url(https:\/\/procamdistribution.ca\/wp-content\/uploads\/2024\/02\/IMG_7827-scaled.jpg?id=11874) !important;}&#8221;][\/vc_column_inner][vc_column_inner el_class=&#8221;padding-50&#8243; width=&#8221;1\/2&#8243;][vc_column_text css=&#8221;.vc_custom_1741803043019{margin-bottom: 20px !important;}&#8221;]<\/p>\n<h3>Multiple <span style=\"color: #37ddfc;\">Heights<\/span> Available.<\/h3>\n<p>[\/vc_column_text][vc_column_text css=&#8221;.vc_custom_1741381484599{margin-bottom: 20px !important;}&#8221; el_class=&#8221;blue-icon list-2-col square-list&#8221;]<\/p>\n<ul>\n<li>36\u201d<\/li>\n<li>48\u201d<\/li>\n<li>60\u201d<\/li>\n<\/ul>\n<p>[\/vc_column_text][vc_column_text css=&#8221;.vc_custom_1741803052837{margin-bottom: 20px !important;}&#8221; el_class=&#8221;blue-icon list-2-col square-list&#8221;]<\/p>\n<h4>Available Colors<\/h4>\n<ul>\n<li>Inox<br \/>\n<img loading=\"lazy\" decoding=\"async\" class=\"alignnone size-thumbnail wp-image-7933\" style=\"margin-top: 10px;\" src=\"https:\/\/procamdistribution.ca\/wp-content\/uploads\/2021\/01\/MG_9868-150x150.jpg\" alt=\"\" width=\"150\" height=\"150\" srcset=\"https:\/\/procamdistribution.ca\/wp-content\/uploads\/2021\/01\/MG_9868-150x150.jpg 150w, https:\/\/procamdistribution.ca\/wp-content\/uploads\/2021\/01\/MG_9868-32x32.jpg 32w, https:\/\/procamdistribution.ca\/wp-content\/uploads\/2021\/01\/MG_9868-300x300.jpg 300w, https:\/\/procamdistribution.ca\/wp-content\/uploads\/2021\/01\/MG_9868-100x100.jpg 100w\" sizes=\"auto, (max-width: 150px) 100vw, 150px\" \/><\/li>\n<li>Noir<br \/>\n<img loading=\"lazy\" decoding=\"async\" class=\"alignnone size-thumbnail wp-image-7927\" style=\"margin-top: 10px;\" src=\"https:\/\/procamdistribution.ca\/wp-content\/uploads\/2021\/09\/MG_9858-150x150.jpg\" alt=\"\" width=\"150\" height=\"150\" srcset=\"https:\/\/procamdistribution.ca\/wp-content\/uploads\/2021\/09\/MG_9858-150x150.jpg 150w, https:\/\/procamdistribution.ca\/wp-content\/uploads\/2021\/09\/MG_9858-32x32.jpg 32w, https:\/\/procamdistribution.ca\/wp-content\/uploads\/2021\/09\/MG_9858-300x300.jpg 300w, https:\/\/procamdistribution.ca\/wp-content\/uploads\/2021\/09\/MG_9858-100x100.jpg 100w\" sizes=\"auto, (max-width: 150px) 100vw, 150px\" \/><\/li>\n<\/ul>\n<p>[\/vc_column_text][\/vc_column_inner][\/vc_row_inner][\/vc_column][\/vc_row][vc_row type=&#8221;in_grid&#8221; css=&#8221;.vc_custom_1740582842261{background-color: #F5F5F5 !important;}&#8221; el_class=&#8221;resultat-personnalise-row&#8221;][vc_column][vc_row_inner type=&#8221;full_width&#8221; el_class=&#8221;resultat-personnalise-inner-row text-center padding-t-150 padding-100&#8243;][vc_column_inner][vc_single_image image=&#8221;14734&#8243; img_size=&#8221;full&#8221; alignment=&#8221;center&#8221; css=&#8221;&#8221;][vc_column_text css=&#8221;&#8221;]<\/p>\n<h2>Enhance Your Space with Stylish and Secure Glass Fencing<\/h2>\n<p>[\/vc_column_text][vc_column_text css=&#8221;&#8221;]Glass fences are a stylish way to add privacy and security to your home while enhancing your living space.<\/p>\n<p>This glass fencing system is an essential choice for balconies and pool enclosures. Strong and secure, it seamlessly blends into both residential and commercial spaces. Designed to withstand the harsh Canadian climate, it requires minimal maintenance.[\/vc_column_text]<a href=\"\/en\/contact\/\" target=\"_self\" class=\"dist-btn\">Contact Us!<\/a>[\/vc_column_inner][\/vc_row_inner][\/vc_column][\/vc_row][vc_row type=&#8221;in_grid&#8221; el_class=&#8221;padding-100&#8243;][vc_column][vc_row_inner type=&#8221;full_width&#8221;][vc_column_inner]<div class=\"dist-shortcode-container wpb_content_element\">\n    <div class=\"portfolio-flex-container portfolio-flex-7-container\">\n        \n            \n            <div class=\"portfolio-item\" style=\"background-image: url('https:\/\/procamdistribution.ca\/wp-content\/uploads\/2025\/03\/IMG_7827-scaled-1.jpg');\">\n                <a href=\"https:\/\/procamdistribution.ca\/wp-content\/uploads\/2025\/03\/IMG_7827-scaled-1.jpg\" rel=\"prettyPhoto[portfolio]\" class=\"portfolio-link\"><\/a>\n            <\/div>\n\n        \n            \n            <div class=\"portfolio-item\" style=\"background-image: url('https:\/\/procamdistribution.ca\/wp-content\/uploads\/2025\/03\/STRATEGI-K-12.jpg');\">\n                <a href=\"https:\/\/procamdistribution.ca\/wp-content\/uploads\/2025\/03\/STRATEGI-K-12.jpg\" rel=\"prettyPhoto[portfolio]\" class=\"portfolio-link\"><\/a>\n            <\/div>\n\n        \n            \n            <div class=\"portfolio-item\" style=\"background-image: url('https:\/\/procamdistribution.ca\/wp-content\/uploads\/2025\/03\/WhatsApp-Image-2024-08-28-a-16.11.52_c29f5f37.jpg');\">\n                <a href=\"https:\/\/procamdistribution.ca\/wp-content\/uploads\/2025\/03\/WhatsApp-Image-2024-08-28-a-16.11.52_c29f5f37.jpg\" rel=\"prettyPhoto[portfolio]\" class=\"portfolio-link\"><\/a>\n            <\/div>\n\n        \n            \n            <div class=\"portfolio-item\" style=\"background-image: url('https:\/\/procamdistribution.ca\/wp-content\/uploads\/2025\/03\/pergola-blanc.jpg');\">\n                <a href=\"https:\/\/procamdistribution.ca\/wp-content\/uploads\/2025\/03\/pergola-blanc.jpg\" rel=\"prettyPhoto[portfolio]\" class=\"portfolio-link\"><\/a>\n            <\/div>\n\n        \n            \n            <div class=\"portfolio-item\" style=\"background-image: url('https:\/\/procamdistribution.ca\/wp-content\/uploads\/2025\/03\/Projet-verre-piscine-hors-terre-Amenagement-groupe-vert-plus-2.jpg');\">\n                <a href=\"https:\/\/procamdistribution.ca\/wp-content\/uploads\/2025\/03\/Projet-verre-piscine-hors-terre-Amenagement-groupe-vert-plus-2.jpg\" rel=\"prettyPhoto[portfolio]\" class=\"portfolio-link\"><\/a>\n            <\/div>\n\n                        <div class=\"portfolio-custom-div-6\">\n                    <div class=\"portfolio-custom-div-6-inner\">\n                        <h2>Portfolio<\/h2>\n                        <p>Our landscaping products enhance your living space with sleek designs and clean lines, offering a contemporary style and an unmatched touch of elegance. All our products seamlessly integrate into various outdoor design styles.<\/p>\n                        <a href=\"\/en\/portfolio\/\" class=\"dist-btn type2\">Consult our portfolio<\/a>\n                    <\/div>\n                <\/div>\n            \n            \n            <div class=\"portfolio-item\" style=\"background-image: url('https:\/\/procamdistribution.ca\/wp-content\/uploads\/2025\/03\/STRATEGI-K-4.jpg');\">\n                <a href=\"https:\/\/procamdistribution.ca\/wp-content\/uploads\/2025\/03\/STRATEGI-K-4.jpg\" rel=\"prettyPhoto[portfolio]\" class=\"portfolio-link\"><\/a>\n            <\/div>\n\n        \n            \n            <div class=\"portfolio-item\" style=\"background-image: url('https:\/\/procamdistribution.ca\/wp-content\/uploads\/2025\/03\/MG_9311-smaller.jpg');\">\n                <a href=\"https:\/\/procamdistribution.ca\/wp-content\/uploads\/2025\/03\/MG_9311-smaller.jpg\" rel=\"prettyPhoto[portfolio]\" class=\"portfolio-link\"><\/a>\n            <\/div>\n\n            <\/div>\n\n    <\/div>[\/vc_column_inner][\/vc_row_inner][\/vc_column][\/vc_row]<\/p>\n<\/div>","protected":false},"excerpt":{"rendered":"<p>[vc_row type=&#8221;in_grid&#8221;][vc_column][vc_row_inner equal_height=&#8221;yes&#8221; type=&#8221;full_width&#8221; el_class=&#8221;pergola-solution-durable-row large-eventail-produits-title-row&#8221;][vc_column_inner el_class=&#8221;padding-100&#8243; width=&#8221;1\/2&#8243;][vc_column_text css=&#8221;&#8221;] Safety Has Never Been More Elegant [\/vc_column_text][vc_column_text css=&#8221;&#8221;]Our glass fences enhance your living space with sleek lines that bring a contemporary design and an unmatched touch of elegance.[\/vc_column_text][\/vc_column_inner][vc_column_inner width=&#8221;1\/2&#8243; css=&#8221;.vc_custom_1741612208491{background-image: url(https:\/\/procamdistribution.ca\/wp-content\/uploads\/2023\/08\/panneau-standard.jpg?id=11053) !important;background-position: center !important;background-repeat: no-repeat !important;background-size: contain !important;}&#8221;][\/vc_column_inner][\/vc_row_inner][\/vc_column][\/vc_row][vc_row equal_height=&#8221;yes&#8221; type=&#8221;full_width&#8221; el_class=&#8221;nos-pergolas-row&#8221;][vc_column width=&#8221;1\/2&#8243; el_class=&#8221;padding-100&#8243;][vc_column_text css=&#8221;&#8221;] Enhance Your [&hellip;]<\/p>\n","protected":false},"author":1,"featured_media":0,"parent":0,"menu_order":0,"comment_status":"closed","ping_status":"closed","template":"","meta":{"_acf_changed":false,"footnotes":""},"class_list":["post-15274","page","type-page","status-publish","hentry"],"acf":[],"yoast_head":"<!-- This site is optimized with the Yoast SEO plugin v26.3 - https:\/\/yoast.com\/wordpress\/plugins\/seo\/ -->\n<title>Glass Fences &#8211; Distribution Procam<\/title>\n<meta name=\"description\" content=\"Les pergolas bioclimatiques apportent de l&#039;ombre, de l&#039;intimit\u00e9 et de l&#039;ornementation \u00e0 votre espace de vie ext\u00e9rieur.\" \/>\n<meta name=\"robots\" content=\"noindex, nofollow\" \/>\n<meta property=\"og:locale\" content=\"en_US\" \/>\n<meta property=\"og:type\" content=\"article\" \/>\n<meta property=\"og:title\" content=\"Glass Fences &#8211; Distribution Procam\" \/>\n<meta property=\"og:description\" content=\"Les pergolas bioclimatiques apportent de l&#039;ombre, de l&#039;intimit\u00e9 et de l&#039;ornementation \u00e0 votre espace de vie ext\u00e9rieur.\" \/>\n<meta property=\"og:url\" content=\"https:\/\/procamdistribution.ca\/en\/glass-fences\/\" \/>\n<meta property=\"og:site_name\" content=\"Distribution Procam\" \/>\n<meta property=\"article:publisher\" content=\"https:\/\/facebook.com\/ProcamDistribution\/\" \/>\n<meta property=\"article:modified_time\" content=\"2025-03-12T18:44:25+00:00\" \/>\n<meta property=\"og:image\" content=\"https:\/\/procamdistribution.ca\/wp-content\/uploads\/2021\/01\/MG_9868-scaled.jpg\" \/>\n\t<meta property=\"og:image:width\" content=\"1707\" \/>\n\t<meta property=\"og:image:height\" content=\"2560\" \/>\n\t<meta property=\"og:image:type\" content=\"image\/jpeg\" \/>\n<meta name=\"twitter:card\" content=\"summary_large_image\" \/>\n<meta name=\"twitter:label1\" content=\"Est. reading time\" \/>\n\t<meta name=\"twitter:data1\" content=\"2 minutes\" \/>\n<script type=\"application\/ld+json\" class=\"yoast-schema-graph\">{\"@context\":\"https:\/\/schema.org\",\"@graph\":[{\"@type\":\"WebPage\",\"@id\":\"https:\/\/procamdistribution.ca\/en\/glass-fences\/\",\"url\":\"https:\/\/procamdistribution.ca\/en\/glass-fences\/\",\"name\":\"Glass Fences &#8211; Distribution Procam\",\"isPartOf\":{\"@id\":\"https:\/\/procamdistribution.ca\/#website\"},\"primaryImageOfPage\":{\"@id\":\"https:\/\/procamdistribution.ca\/en\/glass-fences\/#primaryimage\"},\"image\":{\"@id\":\"https:\/\/procamdistribution.ca\/en\/glass-fences\/#primaryimage\"},\"thumbnailUrl\":\"https:\/\/procamdistribution.ca\/wp-content\/uploads\/2021\/01\/MG_9868-150x150.jpg\",\"datePublished\":\"2025-03-07T14:15:40+00:00\",\"dateModified\":\"2025-03-12T18:44:25+00:00\",\"description\":\"Les pergolas bioclimatiques apportent de l'ombre, de l'intimit\u00e9 et de l'ornementation \u00e0 votre espace de vie ext\u00e9rieur.\",\"breadcrumb\":{\"@id\":\"https:\/\/procamdistribution.ca\/en\/glass-fences\/#breadcrumb\"},\"inLanguage\":\"en-CA\",\"potentialAction\":[{\"@type\":\"ReadAction\",\"target\":[\"https:\/\/procamdistribution.ca\/en\/glass-fences\/\"]}]},{\"@type\":\"ImageObject\",\"inLanguage\":\"en-CA\",\"@id\":\"https:\/\/procamdistribution.ca\/en\/glass-fences\/#primaryimage\",\"url\":\"https:\/\/procamdistribution.ca\/wp-content\/uploads\/2021\/01\/MG_9868-150x150.jpg\",\"contentUrl\":\"https:\/\/procamdistribution.ca\/wp-content\/uploads\/2021\/01\/MG_9868-150x150.jpg\"},{\"@type\":\"BreadcrumbList\",\"@id\":\"https:\/\/procamdistribution.ca\/en\/glass-fences\/#breadcrumb\",\"itemListElement\":[{\"@type\":\"ListItem\",\"position\":1,\"name\":\"Home\",\"item\":\"https:\/\/procamdistribution.ca\/en\/\"},{\"@type\":\"ListItem\",\"position\":2,\"name\":\"Glass Fences\"}]},{\"@type\":\"WebSite\",\"@id\":\"https:\/\/procamdistribution.ca\/#website\",\"url\":\"https:\/\/procamdistribution.ca\/\",\"name\":\"Distribution Procam\",\"description\":\"\",\"potentialAction\":[{\"@type\":\"SearchAction\",\"target\":{\"@type\":\"EntryPoint\",\"urlTemplate\":\"https:\/\/procamdistribution.ca\/?s={search_term_string}\"},\"query-input\":{\"@type\":\"PropertyValueSpecification\",\"valueRequired\":true,\"valueName\":\"search_term_string\"}}],\"inLanguage\":\"en-CA\"}]}<\/script>\n<!-- \/ Yoast SEO plugin. -->","yoast_head_json":{"title":"Glass Fences &#8211; Distribution Procam","description":"Les pergolas bioclimatiques apportent de l'ombre, de l'intimit\u00e9 et de l'ornementation \u00e0 votre espace de vie ext\u00e9rieur.","robots":{"index":"noindex","follow":"nofollow"},"og_locale":"en_US","og_type":"article","og_title":"Glass Fences &#8211; Distribution Procam","og_description":"Les pergolas bioclimatiques apportent de l'ombre, de l'intimit\u00e9 et de l'ornementation \u00e0 votre espace de vie ext\u00e9rieur.","og_url":"https:\/\/procamdistribution.ca\/en\/glass-fences\/","og_site_name":"Distribution Procam","article_publisher":"https:\/\/facebook.com\/ProcamDistribution\/","article_modified_time":"2025-03-12T18:44:25+00:00","og_image":[{"width":1707,"height":2560,"url":"https:\/\/procamdistribution.ca\/wp-content\/uploads\/2021\/01\/MG_9868-scaled.jpg","type":"image\/jpeg"}],"twitter_card":"summary_large_image","twitter_misc":{"Est. reading time":"2 minutes"},"schema":{"@context":"https:\/\/schema.org","@graph":[{"@type":"WebPage","@id":"https:\/\/procamdistribution.ca\/en\/glass-fences\/","url":"https:\/\/procamdistribution.ca\/en\/glass-fences\/","name":"Glass Fences &#8211; Distribution Procam","isPartOf":{"@id":"https:\/\/procamdistribution.ca\/#website"},"primaryImageOfPage":{"@id":"https:\/\/procamdistribution.ca\/en\/glass-fences\/#primaryimage"},"image":{"@id":"https:\/\/procamdistribution.ca\/en\/glass-fences\/#primaryimage"},"thumbnailUrl":"https:\/\/procamdistribution.ca\/wp-content\/uploads\/2021\/01\/MG_9868-150x150.jpg","datePublished":"2025-03-07T14:15:40+00:00","dateModified":"2025-03-12T18:44:25+00:00","description":"Les pergolas bioclimatiques apportent de l'ombre, de l'intimit\u00e9 et de l'ornementation \u00e0 votre espace de vie ext\u00e9rieur.","breadcrumb":{"@id":"https:\/\/procamdistribution.ca\/en\/glass-fences\/#breadcrumb"},"inLanguage":"en-CA","potentialAction":[{"@type":"ReadAction","target":["https:\/\/procamdistribution.ca\/en\/glass-fences\/"]}]},{"@type":"ImageObject","inLanguage":"en-CA","@id":"https:\/\/procamdistribution.ca\/en\/glass-fences\/#primaryimage","url":"https:\/\/procamdistribution.ca\/wp-content\/uploads\/2021\/01\/MG_9868-150x150.jpg","contentUrl":"https:\/\/procamdistribution.ca\/wp-content\/uploads\/2021\/01\/MG_9868-150x150.jpg"},{"@type":"BreadcrumbList","@id":"https:\/\/procamdistribution.ca\/en\/glass-fences\/#breadcrumb","itemListElement":[{"@type":"ListItem","position":1,"name":"Home","item":"https:\/\/procamdistribution.ca\/en\/"},{"@type":"ListItem","position":2,"name":"Glass Fences"}]},{"@type":"WebSite","@id":"https:\/\/procamdistribution.ca\/#website","url":"https:\/\/procamdistribution.ca\/","name":"Distribution Procam","description":"","potentialAction":[{"@type":"SearchAction","target":{"@type":"EntryPoint","urlTemplate":"https:\/\/procamdistribution.ca\/?s={search_term_string}"},"query-input":{"@type":"PropertyValueSpecification","valueRequired":true,"valueName":"search_term_string"}}],"inLanguage":"en-CA"}]}},"_links":{"self":[{"href":"https:\/\/procamdistribution.ca\/en\/wp-json\/wp\/v2\/pages\/15274","targetHints":{"allow":["GET"]}}],"collection":[{"href":"https:\/\/procamdistribution.ca\/en\/wp-json\/wp\/v2\/pages"}],"about":[{"href":"https:\/\/procamdistribution.ca\/en\/wp-json\/wp\/v2\/types\/page"}],"author":[{"embeddable":true,"href":"https:\/\/procamdistribution.ca\/en\/wp-json\/wp\/v2\/users\/1"}],"replies":[{"embeddable":true,"href":"https:\/\/procamdistribution.ca\/en\/wp-json\/wp\/v2\/comments?post=15274"}],"version-history":[{"count":0,"href":"https:\/\/procamdistribution.ca\/en\/wp-json\/wp\/v2\/pages\/15274\/revisions"}],"wp:attachment":[{"href":"https:\/\/procamdistribution.ca\/en\/wp-json\/wp\/v2\/media?parent=15274"}],"curies":[{"name":"wp","href":"https:\/\/api.w.org\/{rel}","templated":true}]}}